{"id":17,"date":"2011-11-18T14:03:45","date_gmt":"2011-11-18T14:03:45","guid":{"rendered":"http:\/\/www.terraantica.org\/new\/?page_id=17"},"modified":"2018-08-26T17:14:54","modified_gmt":"2018-08-26T17:14:54","slug":"curriculum","status":"publish","type":"page","link":"https:\/\/www.terraantica.org\/?page_id=17","title":{"rendered":"Curriculum"},"content":{"rendered":"<p><span style=\"color: #800000;\">L\u2019Associazione culturale \u201cTerra Antica\u201d \u00e8 stata costituita a Venezia Mestre con atto notarile il 13 aprile 1992; e prende sede sociale a Favaro Veneto (Venezia) in via Monte Bo\u00e8 n\u00b0 3\/a.<\/span><\/p>\n<p style=\"text-align: justify;\"><span style=\"color: #800000;\">L\u2019Associazione \u00e8 iscritta albo delle Associazioni senza fini lucro (n\u00b01111) del Comune di Venezia .<\/span><\/p>\n<p style=\"text-align: justify;\"><span style=\"color: #800000;\"><a name=\"organi\"><\/a>Gli Organi dell\u2019Associazione sono:<\/span><\/p>\n<ul style=\"text-align: justify;\">\n<li><span style=\"color: #800000;\">&#8211; L\u2019Assemblea dei soci;<\/span><\/li>\n<li><span style=\"color: #800000;\">&#8211; Il Comitato Direttivo eletto ogni due anni dall\u2019Assemblea dei soci;<\/span><\/li>\n<li><span style=\"color: #800000;\">&#8211; Il Comitato dei (Sindaci o revisori dei conti) eletto ogni due anni dall\u2019Assemblea dei soci;<\/span><\/li>\n<li><span style=\"color: #800000;\">&#8211; Il Presidente, eletto dal Comitato Direttivo;<\/span><\/li>\n<li><span style=\"color: #800000;\">&#8211; Il Segretario\/tesoriere, eletto dal Comitato Direttivo.<\/span><\/li>\n<\/ul>\n<p style=\"text-align: justify;\"><span style=\"color: #800000;\"><a name=\"finalit\u02c6\"><\/a>L\u2019Associazione \u00e8 stata costituita con lo scopo svolgere e promuovere:<\/span><\/p>\n<ul>\n<li style=\"text-align: justify;\"><span style=\"color: #800000;\">attivit\u00e0 di ricerca storica con raccolta e riordino di documenti scritti, materiali, iconografici e di testimonianze orali anche mediante la pubblicizzazione della documentazione raccolta con mostre permanenti (Laboratorio di documentazione storica) e mostre tematiche di documenti di archivio e di documenti materiali, con mostre fotografiche, stampa e diffusione di materiale bibliografico;<\/span><\/li>\n<li style=\"text-align: justify;\"><span style=\"color: #800000;\">rapporti con la pubblica amministrazione, con le istituzioni culturali e scolastiche dell&#8217;area metropolitana veneziana sempre nell&#8217;ambito della ricerca storica e della divulgazione culturale;<\/span><\/li>\n<li style=\"text-align: justify;\"><span style=\"color: #800000;\">corsi di riscoperta ed apprendimento delle manualit\u00e0 e dei mestieri tipici della tradizione veneta e veneziana;<\/span><\/li>\n<li style=\"text-align: justify;\"><span style=\"color: #800000;\">scambi culturali mediante esposizioni d&#8217;opere dell\u2019arte popolare, di mostre documenti materiali della tradizione etnografica, e rassegne musicali di estrazione popolare.<\/span><\/li>\n<\/ul>\n<p><span style=\"color: #800000;\">Il Comitato Direttivo per il biennio 2016 \u2013 2017 \u00e8 composto da:<\/span><\/p>\n<ul>\n<li><span style=\"color: #800000;\">Scaramuzza Gabriele (Presidente)<\/span><\/li>\n<li><span style=\"color: #800000;\">Spolaor Franca\u00a0(Vice Presidente)<\/span><\/li>\n<li><span style=\"color: #800000;\">Sartori Giuseppe (Segretario\/Tesoriere)<\/span><\/li>\n<li><span style=\"color: #800000;\">Gottardo Luigina<\/span><\/li>\n<li><span class=\"Apple-style-span\" style=\"color: #800000;\">Piovesan Claudio<\/span><\/li>\n<li><span style=\"color: #800000;\">Pellizzer Lionello<\/span><\/li>\n<\/ul>\n<p><span style=\"color: #800000;\">Il Comitato dei revisori per il biennio 2016 \u2013 2017 \u00e8 composto da:<\/span><\/p>\n<ul>\n<li><span style=\"color: #800000;\">Pellizzer Lionello<\/span><\/li>\n<li><span style=\"color: #800000;\">Gottardo Luigina\u00a0<\/span><\/li>\n<\/ul>\n<p style=\"text-align: justify;\"><span style=\"color: #800000;\">Il lavoro del Direttivo \u00e8 \u00a0supportato dalla valida collaborazione del dott. Sergio Barizza quale esperto delle tematiche di storia del territorio della terraferma mestrina.<\/span><\/p>\n<p style=\"text-align: justify;\"><span style=\"color: #800000;\">L&#8217;Associazione ha prodotto in questi anni numeroso materiale di ricerca storica che si \u00e8 concretizzata nelle pubblicazioni che potrete esaminare nella <a title=\"Pubblicazioni\" href=\"https:\/\/www.terraantica.org\/new\/?page_id=21\">pagina pubblicazioni<\/a>. Per chi fosse interessato ad approfondire i trascorsi dell&#8217;associazione pu\u00f2 scaricarsi <a title=\"Autostoria di Terra Antica\" href=\"http:\/\/www.terraantica.org\/pdf\/1992-2007AutostoriaTA.pdf\">il fascicolo qui citato<\/a>.<\/span><\/p>\n<p style=\"text-align: justify;\"><span style=\"color: #800000;\"> Una sintesi dell&#8217;attivit\u00e0 promossa dal sodalizio \u00e8 raccolta nell&#8217;autostoria presente nel sito del Comune di Venezia (<a title=\"Autostoria di Terra Antica\" href=\"http:\/\/www.albumdivenezia.it\/easyne2\/Archivi\/AlbumVE\/Files\/Associazioni\/TerraAntica\/autostoria.pdf\">Album di Venezia<\/a>) dedicato alla societ\u00e0 civile nelle sue forme organizzate.\u00a0 <\/span><\/p>\n<p>&nbsp;<br \/>\n===========================<br \/>\n<blockquote class=\"quotescollection-quote\"><p>L\u2019uomo non \u00e8 che una canna, la pi\u00f9 debole della natura; ma \u00e8 una canna pensante. Non c\u2019\u00e8 bisogno che tutto l\u2019universo s\u2019armi per schiacciarlo: un vapore, una goccia d\u2019acqua basta a ucciderlo. Ma, anche se l\u2019universo lo schiacciasse, l\u2019uomo sarebbe ancor pi\u00f9 nobile di chi lo uccide, perch\u00e9 sa di morire e conosce la superiorit\u00e0 dell\u2019universo su di lui; l\u2019universo invece non ne sa niente. Tutta la nostra dignit\u00e0 consiste dunque nel pensiero. \u00c8 con questo che dobbiamo nobilitarci e non gi\u00e0 con lo spazio e il tempo che potremmo riempire. Studiamoci dunque di pensare bene: questo \u00e8 il principio della morale.<\/p>\n<footer class=\"attribution\">&mdash;&nbsp;<cite class=\"author\">Blaise Pascal<\/cite>, <cite class=\"title source\">Pensieri, 139<\/cite><\/footer><\/blockquote><\/p>\n","protected":false},"excerpt":{"rendered":"<p>L\u2019Associazione culturale \u201cTerra Antica\u201d \u00e8 stata costituita a Venezia Mestre con atto notarile il 13 aprile 1992; e prende sede sociale a Favaro Veneto (Venezia) in via Monte Bo\u00e8 n\u00b0 3\/a. L\u2019Associazione \u00e8 iscritta albo delle Associazioni senza fini lucro &hellip; <a href=\"https:\/\/www.terraantica.org\/?page_id=17\">Continua a leggere<span class=\"meta-nav\">&rarr;<\/span><\/a><\/p>\n","protected":false},"author":2,"featured_media":0,"parent":0,"menu_order":2,"comment_status":"closed","ping_status":"closed","template":"","meta":{"footnotes":""},"class_list":["post-17","page","type-page","status-publish","hentry"],"_links":{"self":[{"href":"https:\/\/www.terraantica.org\/index.php?rest_route=\/wp\/v2\/pages\/17","targetHints":{"allow":["GET"]}}],"collection":[{"href":"https:\/\/www.terraantica.org\/index.php?rest_route=\/wp\/v2\/pages"}],"about":[{"href":"https:\/\/www.terraantica.org\/index.php?rest_route=\/wp\/v2\/types\/page"}],"author":[{"embeddable":true,"href":"https:\/\/www.terraantica.org\/index.php?rest_route=\/wp\/v2\/users\/2"}],"replies":[{"embeddable":true,"href":"https:\/\/www.terraantica.org\/index.php?rest_route=%2Fwp%2Fv2%2Fcomments&post=17"}],"version-history":[{"count":16,"href":"https:\/\/www.terraantica.org\/index.php?rest_route=\/wp\/v2\/pages\/17\/revisions"}],"predecessor-version":[{"id":2947,"href":"https:\/\/www.terraantica.org\/index.php?rest_route=\/wp\/v2\/pages\/17\/revisions\/2947"}],"wp:attachment":[{"href":"https:\/\/www.terraantica.org\/index.php?rest_route=%2Fwp%2Fv2%2Fmedia&parent=17"}],"curies":[{"name":"wp","href":"https:\/\/api.w.org\/{rel}","templated":true}]}}