{"id":1797,"date":"2013-02-24T23:21:21","date_gmt":"2013-02-24T23:21:21","guid":{"rendered":"http:\/\/www.terraantica.org\/?page_id=1797"},"modified":"2022-06-28T19:30:41","modified_gmt":"2022-06-28T19:30:41","slug":"home","status":"publish","type":"page","link":"https:\/\/www.terraantica.org\/","title":{"rendered":"Home"},"content":{"rendered":"<p style=\"text-align: justify;\"><span style=\"color: #800000;\">:: TERRA ANTICA (http:\/\/www.terraantica.org) \u00e8 il sito dell&#8217;omonima associazione culturale veneziana dedicato all&#8217;attivit\u00e0 di ricerca storica, di sensibilizzazione e di informazione sulle trasformazioni culturali, territoriali, sociali ed ambientali della terraferma veneziana; i gentili visitatori troveranno qui buona parte dei lavori gi\u00e0 ultimati e pubblicati, links con altre realt\u00e0 culturali simili ed affini; eventi ed opinioni che toccano i temi che ci sono pi\u00f9 cari quali storia del territorio e la salvaguardia del paesaggio; la riscoperta delle origini dei nostri paesi della pianura veneta e veneziana in particolare, ma soprattutto la presa di coscienza che molti guai ambientali che ci preoccupano oggi sono l&#8217;esito dell&#8217;abbandono di usanze e tradizioni che ci consentivano una vita magari pi\u00f9 severa, ma pi\u00f9 sana, e pi\u00f9 rispettosa dell&#8217;ambiente e pi\u00f9 vissuta con gli altri.<\/span><\/p>\n<p>:: <a title=\"Curriculum\" href=\"http:\/\/www.terraantica.org\/curriculum\/\"><span style=\"color: #800000;\"><span style=\"color: #800000;\">Se vuoi sapere chi \u00e8 Terra antica e cosa ha fatto fino ad oggi clicca qui<\/span> ::<\/span><\/a><\/p>\n<div id=\"attachment_333\" style=\"width: 171px\" class=\"wp-caption aligncenter\"><img loading=\"lazy\" decoding=\"async\" aria-describedby=\"caption-attachment-333\" class=\"size-medium wp-image-333\" src=\"https:\/\/www.terraantica.org\/new\/wp-content\/uploads\/logosoloTA_seppia-300x185.gif\" alt=\"Logo di Terra Antica\" width=\"161\" height=\"99\" srcset=\"https:\/\/www.terraantica.org\/new\/wp-content\/uploads\/logosoloTA_seppia-300x185.gif 300w, https:\/\/www.terraantica.org\/new\/wp-content\/uploads\/logosoloTA_seppia.gif 442w\" sizes=\"auto, (max-width: 161px) 100vw, 161px\" \/><p id=\"caption-attachment-333\" class=\"wp-caption-text\">Logo di Terra Antica<\/p><\/div>\n<p style=\"text-align: justify;\"><span style=\"color: #800000;\">Questo sito recentissimamente \u00e8 stato violato da cyber terroristi, che hanno creato notevoli guai. Stiamo\u00a0 provvedendo a riparare i danni. Ci scusiamo con i visitatori\u00a0 per gli inconvenienti che si possono trovare e chiediamo loro di segnalarceli scrivendoci ::<\/span><\/p>\n<p>==============================<br \/>\n<blockquote class=\"quotescollection-quote\"><p>Come \u00e8 pi\u00f9 difficile a &#8216;ntendere l&#8217;opere di natura che un libro d&#8217;un poeta.<\/p>\n<footer class=\"attribution\">&mdash;&nbsp;<cite class=\"author\">Leonardo da Vinci<\/cite>, <cite class=\"title source\">Codice di Madrid, Madrid I (1490-1508). Folio 87 verso.<\/cite><\/footer><\/blockquote><\/p>\n","protected":false},"excerpt":{"rendered":"<p>:: TERRA ANTICA (http:\/\/www.terraantica.org) \u00e8 il sito dell&#8217;omonima associazione culturale veneziana dedicato all&#8217;attivit\u00e0 di ricerca storica, di sensibilizzazione e di informazione sulle trasformazioni culturali, territoriali, sociali ed ambientali della terraferma veneziana; i gentili visitatori troveranno qui buona parte dei lavori &hellip; <a href=\"https:\/\/www.terraantica.org\/\">Continua a leggere<span class=\"meta-nav\">&rarr;<\/span><\/a><\/p>\n","protected":false},"author":2,"featured_media":0,"parent":0,"menu_order":0,"comment_status":"open","ping_status":"closed","template":"","meta":{"footnotes":""},"class_list":["post-1797","page","type-page","status-publish","hentry"],"_links":{"self":[{"href":"https:\/\/www.terraantica.org\/index.php?rest_route=\/wp\/v2\/pages\/1797","targetHints":{"allow":["GET"]}}],"collection":[{"href":"https:\/\/www.terraantica.org\/index.php?rest_route=\/wp\/v2\/pages"}],"about":[{"href":"https:\/\/www.terraantica.org\/index.php?rest_route=\/wp\/v2\/types\/page"}],"author":[{"embeddable":true,"href":"https:\/\/www.terraantica.org\/index.php?rest_route=\/wp\/v2\/users\/2"}],"replies":[{"embeddable":true,"href":"https:\/\/www.terraantica.org\/index.php?rest_route=%2Fwp%2Fv2%2Fcomments&post=1797"}],"version-history":[{"count":13,"href":"https:\/\/www.terraantica.org\/index.php?rest_route=\/wp\/v2\/pages\/1797\/revisions"}],"predecessor-version":[{"id":3388,"href":"https:\/\/www.terraantica.org\/index.php?rest_route=\/wp\/v2\/pages\/1797\/revisions\/3388"}],"wp:attachment":[{"href":"https:\/\/www.terraantica.org\/index.php?rest_route=%2Fwp%2Fv2%2Fmedia&parent=1797"}],"curies":[{"name":"wp","href":"https:\/\/api.w.org\/{rel}","templated":true}]}}