{"id":2227,"date":"2016-06-11T21:08:59","date_gmt":"2016-06-11T21:08:59","guid":{"rendered":"http:\/\/www.terraantica.org\/?page_id=2227"},"modified":"2018-08-26T17:14:17","modified_gmt":"2018-08-26T17:14:17","slug":"autostoria-e-statuto-di-terra-antica","status":"publish","type":"page","link":"https:\/\/www.terraantica.org\/?page_id=2227","title":{"rendered":"Autostoria e Statuto di Terra Antica"},"content":{"rendered":"<p class=\"p1\" style=\"text-align: center;\"><strong>Autostoria e Statuto di Terra Antica<\/strong><\/p>\n<p class=\"p1\" style=\"text-align: justify;\"><span style=\"color: #800000;\">Nome dell\u2019Associazione: ASSOCIAZIONE CULTURALE \u201cTERRA ANTICA\u201d<\/span><\/p>\n<p class=\"p1\" style=\"text-align: justify;\"><span style=\"color: #800000;\">Data e luogo di costituzione: 13 aprile 1992 in Venezia Mestre<\/span><\/p>\n<p class=\"p1\" style=\"text-align: justify;\"><span style=\"color: #800000;\">Soci fondatori: Spolaor Franca, Marsale Sergio, Ferraguti Anna Maria, Aulisio Ettore, Guariento Flavia, Sacchetto Antonella<\/span><\/p>\n<p class=\"p1\" style=\"text-align: justify;\"><span style=\"color: #800000;\">Sede sociale attuale e sedi precedenti: dalla data di costituzione la sede sociale \u00e8: via Monte Bo\u00e8, 3\/A \u2013 30030 \u2013 Favaro Veneto (VE)<\/span><\/p>\n<p class=\"p1\" style=\"text-align: justify;\"><span style=\"color: #800000;\">Ragione sociale: associazione culturale di ricerca storico-etnografica ed ambientale, apartitica, senza fine di lucro, di durata illimitata<\/span><\/p>\n<p class=\"p1\" style=\"text-align: justify;\"><span style=\"color: #800000;\">Le aree tematiche di intervento desumibili dall&#8217;articolato\u00a0<\/span><span style=\"color: #800000;\">dallo statuto: <\/span><\/p>\n<p class=\"p1\" style=\"text-align: justify;\"><span style=\"color: #800000;\">Art. 2 &#8211; <em>l&#8217;Associazione ha lo scopo di ricercare, di raccogliere, ordinare e rendere pubblici i documenti scritti, orali, iconografici e i documenti della cultura materiale relativi alla storia del Quartiere 10 (Municipalit\u00e0 di Favaro Veneto) promovendo incontri di studio, conferenze, mostre illustrative, pubblicazioni. L&#8217;attivit\u00e0 dell&#8217;Associazione riguarder\u00e0 gli aspetti ambientali, storico-etnografici del territorio quartierale (della municipalit\u00e0) , facendo particolare riferimento alle trasformazioni avvenute nel mondo contadino nel tempo. L&#8217;Associazione inoltre intende dar vita ad un Centro di raccolta delle documentazioni dei vari aspetti della Storia del territorio, quale premessa per la costituzione di un Museo pubblico<\/em><\/span><\/p>\n<p class=\"p1\" style=\"text-align: justify;\"><span style=\"color: #800000;\"> Art. 3 \u2013 <em>L&#8217;Associazione per attuare le sue finalit\u00e0 promuove forme di collaborazione con le istituzioni culturali degli Enti Locali, con Enti ed Associazioni Culturali e professionali, con le istituzioni scolastiche operanti nel territorio, per organizzare iniziative comuni, per concordare le modalit\u00e0 di utilizzazione dei materiali raccolti, per la custodia degli stessi in sedi accessibili alla popolazione. <\/em><\/span><\/p>\n<p class=\"p1\" style=\"text-align: justify;\"><span style=\"color: #800000;\">Art. 4 \u2013 <em>Il numero dei soci \u00e8 illimitato; possono aderire tutti i cittadini e, nelle persone dei loro rappresentanti pro-tempore, le Associazioni e le istituzioni culturali, scolastiche e professionali le cui attivit\u00e0 coincidano, anche in parte, con quelle dell&#8217;Associazione.<\/em><\/span><\/p>\n<p style=\"text-align: justify;\"><span style=\"color: #800000;\">Copia digitale dello <a style=\"color: #800000;\" href=\"https:\/\/www.terraantica.org\/new\/wp-content\/uploads\/Statuto-Terra-Antica.pdf\" rel=\"\">Statuto Terra Antica<\/a>\u00a0si pu\u00f2 scaricare <a style=\"color: #800000;\" href=\"https:\/\/www.terraantica.org\/new\/wp-content\/uploads\/Statuto-Terra-Antica.pdf\" target=\"_blank\" rel=\"noopener\">qui<\/a>.<\/span><\/p>\n<p>=============================<br \/>\n<blockquote class=\"quotescollection-quote\"><p>Tra Cordovado e Venchieredo, a un miglio dei due paesi, v&#8217;\u00e8 una grande e limpida fontana che ha anche voce di contenere nella sua acqua molte qualit\u00e0 refrigeranti e salutari. Ma la ninfa della fontana non credette fidarsi unicamente alle virt\u00f9 dell&#8217;acqua per adescare i devoti e si \u00e8 recinta d&#8217;un cos\u00ec bell&#8217;orizzonte di prati di boschi e di cielo, e d&#8217;una ombra cos\u00ec ospitale di ontani e di saliceti che \u00e8 in verit\u00e0 un recesso degno del pennello di Virgilio questo ove le piacque di porre sua stanza. Sentieruoli nascosti e serpeggianti, sussurrio di rigagnoli, chine dolci e muscose, nulla le manca tutto all&#8217;intorno. \u00c8 proprio lo specchio d&#8217;una maga, quell&#8217;acqua tersa cilestrina che zampillando insensibilmente da un fondo di minuta ghiaiuolina s&#8217;\u00e8 alzata a raddoppiar nel suo grembo l&#8217;immagine d&#8217;una scena cos\u00ec pittoresca e pastorale. Son luoghi che fanno pensare agli abitatori dell&#8217;Eden prima del peccato; ed anche ci fanno pensare senza ribrezzo al peccato ora che non siamo pi\u00f9 abitatori dell&#8217;Eden.<\/p>\n<footer class=\"attribution\">&mdash;&nbsp;<cite class=\"author\">Ippolito Nievo<\/cite>, <cite class=\"title source\">Le confessioni d&#8217;un italiano<\/cite><\/footer><\/blockquote><\/p>\n","protected":false},"excerpt":{"rendered":"<p>Autostoria e Statuto di Terra Antica Nome dell\u2019Associazione: ASSOCIAZIONE CULTURALE \u201cTERRA ANTICA\u201d Data e luogo di costituzione: 13 aprile 1992 in Venezia Mestre Soci fondatori: Spolaor Franca, Marsale Sergio, Ferraguti Anna Maria, Aulisio Ettore, Guariento Flavia, Sacchetto Antonella Sede sociale &hellip; <a href=\"https:\/\/www.terraantica.org\/?page_id=2227\">Continua a leggere<span class=\"meta-nav\">&rarr;<\/span><\/a><\/p>\n","protected":false},"author":2,"featured_media":0,"parent":1797,"menu_order":0,"comment_status":"closed","ping_status":"closed","template":"","meta":{"footnotes":""},"class_list":["post-2227","page","type-page","status-publish","hentry"],"_links":{"self":[{"href":"https:\/\/www.terraantica.org\/index.php?rest_route=\/wp\/v2\/pages\/2227","targetHints":{"allow":["GET"]}}],"collection":[{"href":"https:\/\/www.terraantica.org\/index.php?rest_route=\/wp\/v2\/pages"}],"about":[{"href":"https:\/\/www.terraantica.org\/index.php?rest_route=\/wp\/v2\/types\/page"}],"author":[{"embeddable":true,"href":"https:\/\/www.terraantica.org\/index.php?rest_route=\/wp\/v2\/users\/2"}],"replies":[{"embeddable":true,"href":"https:\/\/www.terraantica.org\/index.php?rest_route=%2Fwp%2Fv2%2Fcomments&post=2227"}],"version-history":[{"count":4,"href":"https:\/\/www.terraantica.org\/index.php?rest_route=\/wp\/v2\/pages\/2227\/revisions"}],"predecessor-version":[{"id":2946,"href":"https:\/\/www.terraantica.org\/index.php?rest_route=\/wp\/v2\/pages\/2227\/revisions\/2946"}],"up":[{"embeddable":true,"href":"https:\/\/www.terraantica.org\/index.php?rest_route=\/wp\/v2\/pages\/1797"}],"wp:attachment":[{"href":"https:\/\/www.terraantica.org\/index.php?rest_route=%2Fwp%2Fv2%2Fmedia&parent=2227"}],"curies":[{"name":"wp","href":"https:\/\/api.w.org\/{rel}","templated":true}]}}